{"id":127,"date":"2016-06-21T15:25:10","date_gmt":"2016-06-21T15:25:10","guid":{"rendered":"http:\/\/adioswp.designlazy.com\/?page_id=127"},"modified":"2023-12-06T15:44:07","modified_gmt":"2023-12-06T15:44:07","slug":"home","status":"publish","type":"page","link":"https:\/\/www.bernstrompartners.se\/en\/","title":{"rendered":"Hem"},"content":{"rendered":"<p><section  class=\"section no\"><div class=\"row\"><div class=\"wpb_column col-md-12 have-padding\"><div class=\"item-padd-mob section-text text-block \" ><div class=\"simple-text md\"><\/div><\/div><\/div><\/div><\/section><section  class=\"section no\"><div class=\"row\"><div class=\"wpb_column col-md-12 have-padding\"><div class=\"item-padd-mob section-text text-block \" ><div class=\"simple-text md\"><\/div><\/div><\/div><\/div><\/section><section  class=\"section stretch_row_content fullwidth pb-60\"><div class=\"row\"><div class=\"wpb_column col-md-12 have-padding\"><div  class=\"top-baner nvg-margin swiper-anime slide-arow poind-closest\"><div class=\"swiper-container top-slider\" data-autoplay=\"5000\" data-loop=\"1\" data-speed=\"600\" data-center=\"0\" data-slides-per-view=\"1\"><div class=\"swiper-wrapper\"><div class=\"swiper-slide first-slide\" data-val=\"0\"><div class=\"block-bg\"><div class=\"bg-wrap\"><div class=\"bg\" style=\"background-image:url(https:\/\/www.bernstrompartners.se\/wp-content\/uploads\/2018\/05\/BP-hemsida-1-26-e1527778610602.jpg)\"><\/div><div class=\"white-mobile-layer\"><\/div><\/div><div class=\"title-style-1 vertical-align\"><div class=\"sub-title\"><h5 class=\"h5 small-heading\">Welcome to<\/h5><\/div><h1 class=\"h1 big-heading\">Bernstrom &amp; Partners<\/h1><\/div><\/div><\/div><div class=\"swiper-slide \" data-val=\"1\"><div class=\"block-bg\"><div class=\"bg-wrap\"><div class=\"bg\" style=\"background-image:url(https:\/\/www.bernstrompartners.se\/wp-content\/uploads\/2021\/02\/bep_slide4-1.jpg)\"><\/div><div class=\"white-mobile-layer\"><\/div><\/div><div class=\"title-style-1 vertical-align\"><div class=\"sub-title\"><h5 class=\"h5 small-heading\">Leading advisor for<\/h5><\/div><h1 class=\"h1 big-heading\">Social infrastructure<\/h1><\/div><\/div><\/div><\/div><div class=\"pagination hidden\"><\/div><\/div><div class=\"slider-number\"><span><\/span>\/<b><\/b><\/div><\/div><\/div><\/div><\/section><section  id=\"transaktioner\" class=\"section no\"><div class=\"row\"><div class=\"wpb_column col-md-3 hidden-lg hidden-md hidden-sm have-padding\"><div class=\"item-padd-mob section-text text-block \" ><div class=\"simple-text md\"><div class=\"title-style-2 text-next\">\n<div class=\"sub-title\">\n<h5 class=\"h5\">Notiser<\/h5>\n<\/div>\n<\/div>\n<\/div><\/div><\/div><div class=\"wpb_column col-md-9 hidden-lg hidden-md hidden-sm have-padding\"><div class=\"item-padd-mob section-text text-block \" ><div class=\"simple-text md\"><p><a href=\"http:\/\/www.bernstrompartners.se\/news\/\">Klicka h\u00e4r f\u00f6r att l\u00e4sa v\u00e5ra nyheter!<\/a><\/p>\n<\/div><\/div><\/div><\/div><\/section><section  id=\"transaktioner\" class=\"section no\"><div class=\"row\"><div class=\"wpb_column col-md-3 hidden-xs have-padding\"><div class=\"item-padd-mob section-text text-block \" ><div class=\"simple-text md\"><div class=\"title-style-2 text-next\">\n<div class=\"sub-title\">\n<h5 class=\"h5\">Newsroom<\/h5>\n<\/div>\n<\/div>\n<\/div><\/div><\/div><div class=\"wpb_column col-md-9 hidden-xs have-padding\"><div class=\"item-padd-mob section-text text-block \" ><div class=\"simple-text md\"><p><span style=\"font-size: 18pt\">Transactions and other news<\/span><\/p>\n<\/div><\/div><\/div><div class=\"wpb_column col-md-12 hidden-xs have-padding\">[vc_basic_grid post_type=&#8221;post&#8221; max_items=&#8221;-1&#8243; style=&#8221;pagination&#8221; items_per_page=&#8221;6&#8243; element_width=&#8221;2&#8243; gap=&#8221;10&#8243; paging_design=&#8221;point_dots&#8221; paging_color=&#8221;black&#8221; item=&#8221;2081&#8243; initial_loading_animation=&#8221;none&#8221; grid_id=&#8221;vc_gid:1701877416613-09d092d5-c1a6-8&#8243; taxonomies=&#8221;64&#8243;]<\/div><\/div><\/section><section  id=\"om\" class=\"section stretch_row_only fullwidth pt-100  vc_custom_1526472878647\"><div class=\"container\"><div class=\"row\"><div class=\"wpb_column col-md-2 col-sm-3 have-padding\"><div class=\"item-padd-mob section-text text-block \" ><div class=\"simple-text md\"><div class=\"title-style-2 text-next\">\n<div class=\"sub-title\">\n<h5 class=\"h5\">About<\/h5>\n<\/div>\n<\/div>\n<\/div><\/div><\/div><div class=\"wpb_column col-md-3 col-sm-9 have-padding\"><div class=\"item-padd-mob section-text text-block \" ><div class=\"simple-text md\"><div class=\"simple-text lg\">\n<p><span style=\"font-size: 18pt\">An independent real estate advisory firm and a market leading adviser for social infrastructure and forward funding<\/span><\/p>\n<\/div>\n<\/div><\/div><\/div><div class=\"wpb_column col-md-3 col-sm-6 have-padding\"><div class=\"item-padd-mob section-text text-block \" ><div class=\"simple-text md\"><div class=\"simple-text md\">\n<p style=\"text-align: left\"><span style=\"font-size: 12pt\">Bernstrom &amp; Partners is a partnership founded in August 2014 and we serve as a financial adviser for Swedish property related transactions. By combining our aggregated experience, our analytical expertise and our in-depth knowledge of the property market, we advise on property transactions and are a leading adviser for social infrastructure and projects structured as forward funding.<\/span><\/p>\n<\/div>\n<\/div><\/div><\/div><div class=\"wpb_column col-md-4 col-sm-6 have-padding\"><div  class=\"image\"><img decoding=\"async\"  class=\"resp-img\" src=\"https:\/\/www.bernstrompartners.se\/wp-content\/uploads\/2018\/05\/BP-hemsida-1-17-e1527256576462.jpg\" alt=\"\"><\/div><\/div><\/div><\/div><\/section><section  class=\"section stretch_row_only fullwidth pb-40  vc_custom_1526472960424\"><div class=\"container\"><div class=\"row\"><div class=\"wpb_column col-md-2 col-sm-3 have-padding\"><div  class=\"empty-space \"><\/div><\/div><div class=\"wpb_column col-md-10 col-sm-9 have-padding\">[vc_toggle title=&#8221;L\u00e4s mer&#8221; style=&#8221;arrow&#8221; color=&#8221;black&#8221; size=&#8221;sm&#8221; custom_font_container=&#8221;tag:div|text_align:left&#8221; custom_use_theme_fonts=&#8221;yes&#8221; use_custom_heading=&#8221;true&#8221;]<\/p>\n<p style=\"margin: 0cm;margin-bottom: .0001pt;line-height: 15.0pt;vertical-align: baseline\"><span style=\"font-size: 10.0pt;quot',serif;color: #676a6a\">Bernstrom &amp; Partners grundades i augusti 2014 och har med ett mindre sammansvetsat team varit med och genomf\u00f6rt ett stort antal transaktioner i Norden sedan 2014. Vi har gedigen kunskap om fastigheter och \u00e4r s\u00e4rskilt aktiva inom segmentet samh\u00e4llsfastigheter. Sedan 2017 har vi rankats som den ledande r\u00e5dgivaren av b\u00e5de Fastighetsv\u00e4rlden och Datscha inom just samh\u00e4llsegmentet. <\/span><\/p>\n<p style=\"margin: 0cm;margin-bottom: .0001pt;line-height: 15.0pt;vertical-align: baseline\"><span style=\"font-size: 10.0pt;quot',serif;color: #676a6a\">\u00a0<\/span><\/p>\n<p style=\"margin: 0cm;margin-bottom: .0001pt;line-height: 15.0pt;vertical-align: baseline\"><span style=\"font-size: 10.0pt;quot',serif;color: #676a6a\">Transaktioner, i form av nybyggnadsprojekt som struktureras som forward funding, har vi \u00e4ven s\u00e4rskild stor erfarenhet av. Forward funding \u00e4r en attraktiv transaktionsform f\u00f6rutsatt att det finns goda f\u00f6ruts\u00e4ttningar f\u00f6r k\u00f6pare och s\u00e4ljare att samarbeta under projekttiden. Vid f\u00f6rv\u00e4rv genom forward funding tilltr\u00e4der k\u00f6paren fastigheten i ett tidigt projektskede och s\u00e4ljaren f\u00f6rbinder sig att f\u00e4rdigst\u00e4lla byggnaden p\u00e5 fastigheten senast vid en viss \u00f6verenskommen tidpunkt. K\u00f6paren finansierar byggnationen och k\u00f6peskillingen erl\u00e4ggs i delar allteftersom byggnaden f\u00e4rdigst\u00e4lls.<\/span><\/p>\n<p>[\/vc_toggle]<\/div><\/div><\/div><\/section><section  id=\"v\u00e5ra tj\u00e4nster\" class=\"section stretch_row_only fullwidth pt-100 pb-40\"><div class=\"container\"><div class=\"row\"><div class=\"wpb_column col-md-3 col-sm-3 have-padding\"><div class=\"item-padd-mob section-text text-block \" ><div class=\"simple-text md\"><div class=\"title-style-2 text-next\">\n<div class=\"sub-title\">\n<h5 class=\"h5\">Service areas<\/h5>\n<\/div>\n<\/div>\n<\/div><\/div><\/div><div class=\"wpb_column col-md-9 col-sm-9 have-padding\"><div class=\"item-padd-mob section-text text-block \" ><div class=\"simple-text md\"><p><span style=\"font-size: 18pt\">Our focus is on property deals \u2013 nothing else<\/span><\/p>\n<p>&nbsp;<\/p>\n<p>Our work is to initiate, structure, coordinate and execute property related deals. We advise our clients through all stages of a property deal, from strategic and structuring issues through execution, due diligence, negotiation and closing. Since August 2014, Bernstrom &amp; Partners has advised on deals worth over SEK 10 billion in total.<\/p>\n<\/div><\/div><\/div><\/div><\/div><\/section><section  class=\"section stretch_row_only fullwidth pb-40\"><div class=\"container\"><div class=\"row\"><div class=\"wpb_column col-md-4 col-sm-12 col-xs-12 no-padding\"><div class=\"item-padd-mob section-text text-block \" ><div class=\"simple-text md\"><h6 style=\"text-align: left\">Property transactions<\/h6>\n<\/div><\/div><div class=\"item-padd-mob section-text text-block \" ><div class=\"simple-text md\"><p>Financial advice for property sales and acquisitions.<\/p>\n<\/div><\/div>[vc_toggle title=&#8221;Read more&#8221; style=&#8221;arrow&#8221; color=&#8221;black&#8221; size=&#8221;sm&#8221; custom_font_container=&#8221;tag:div|text_align:left&#8221; custom_use_theme_fonts=&#8221;yes&#8221; use_custom_heading=&#8221;true&#8221;]We advise clients for sales and acquisitions of property, property portfolios and property companies. We are a leading adviser for social infrastructure as well as forward funding deals. Our project management is always handled by a senior advisor committed to and involved in all steps of the transaction.[\/vc_toggle]<\/div><div class=\"wpb_column col-md-4 col-sm-12 col-xs-12 have-padding\"><div class=\"item-padd-mob section-text text-block \" ><div class=\"simple-text md\"><h6 style=\"text-align: left\">Shared ownership investments<\/h6>\n<\/div><\/div><div class=\"item-padd-mob section-text text-block \" ><div class=\"simple-text md\"><p style=\"text-align: left\">Bernstrom &amp; Partners assist in joint venture business arrangements to pool resources for a property acquisition inter alia.<\/p>\n<\/div><\/div>[vc_toggle title=&#8221;Read more&#8221; style=&#8221;arrow&#8221; color=&#8221;black&#8221; size=&#8221;sm&#8221; custom_font_container=&#8221;tag:div|text_align:left&#8221; custom_use_theme_fonts=&#8221;yes&#8221; use_custom_heading=&#8221;true&#8221;]We advise clients in business arrangements in which two or more parties agree to pool their resources for accomplishing a specific task. This task can be acquiring an individual property or property portfolio.[\/vc_toggle]<\/div><div class=\"wpb_column col-md-4 have-padding\"><div class=\"item-padd-mob section-text text-block \" ><div class=\"simple-text md\"><h6 style=\"text-align: left\">Property related finance<\/h6>\n<\/div><\/div><div class=\"item-padd-mob section-text text-block \" style=\"font-size:11px;\"><div class=\"simple-text md\"><p style=\"text-align: left\">Bernstrom &amp; Partners advise clients in equity capital raisings for property acquisitions or projects. We also have considerable experience of deals structured as a forward funding.<\/p>\n<\/div><\/div>[vc_toggle title=&#8221;Read more&#8221; style=&#8221;arrow&#8221; color=&#8221;black&#8221; size=&#8221;sm&#8221; custom_font_container=&#8221;tag:div|text_align:left&#8221; custom_use_theme_fonts=&#8221;yes&#8221; use_custom_heading=&#8221;true&#8221;]We advise clients in equity capital raisings, from strategic and structuring issues through due diligence, negotiations, signing and financing arrangements. In forward funding we advise clients in funding construction costs.[\/vc_toggle]<\/div><\/div><\/div><\/section><section  id=\"referenser\" class=\"section stretch_row_only fullwidth pt-100  vc_custom_1526473069336\"><div class=\"container\"><div class=\"row\"><div class=\"wpb_column col-md-3 have-padding\"><div class=\"item-padd-mob section-text text-block \" ><div class=\"simple-text md\"><div class=\"title-style-2 text-next\">\n<div class=\"sub-title\">\n<h5 class=\"h5\">References<\/h5>\n<\/div>\n<\/div>\n<\/div><\/div><\/div><div class=\"wpb_column col-md-9 have-padding\"><div class=\"item-padd-mob section-text text-block \" ><div class=\"simple-text md\"><p style=\"text-align: left\"><span style=\"font-size: 18pt\">Property deals signed Bernstrom &amp; Partners<\/span><\/p>\n<p>&nbsp;<\/p>\n<p style=\"text-align: left\">Since August 2014, we have advised on deals worth over SEK 40 billion in total. We have close connections to property investors and institutions looking for investment opportunities in Sweden.<\/p>\n<\/div><\/div><\/div><div class=\"wpb_column col-md-12 hidden-xs have-padding\">[vc_basic_grid post_type=&#8221;post&#8221; max_items=&#8221;-1&#8243; style=&#8221;load-more&#8221; items_per_page=&#8221;4&#8243; element_width=&#8221;3&#8243; item=&#8221;2131&#8243; initial_loading_animation=&#8221;none&#8221; btn_shape=&#8221;square&#8221; btn_color=&#8221;black&#8221; grid_id=&#8221;vc_gid:1701877416615-605e829d-419b-6&#8243; taxonomies=&#8221;65&#8243;]<\/div><\/div><\/div><\/section><section  id=\"referenser\" class=\"section stretch_row_only fullwidth  vc_custom_1527777563286\"><div class=\"container\"><div class=\"row\"><div class=\"wpb_column col-md-12 hidden-lg hidden-md hidden-sm have-padding\">[vc_basic_grid post_type=&#8221;post&#8221; max_items=&#8221;-1&#8243; style=&#8221;load-more&#8221; items_per_page=&#8221;1&#8243; element_width=&#8221;12&#8243; gap=&#8221;20&#8243; item=&#8221;2131&#8243; initial_loading_animation=&#8221;none&#8221; btn_title=&#8221;Se fler&#8221; btn_shape=&#8221;square&#8221; btn_color=&#8221;black&#8221; grid_id=&#8221;vc_gid:1701877416615-e00069bb-3c8b-0&#8243; taxonomies=&#8221;65&#8243;]<\/div><\/div><\/div><\/section><section  id=\"team\" class=\"section stretch_row_only fullwidth pt-100\"><div class=\"container\"><div class=\"row\"><div class=\"wpb_column col-md-3 col-sm-3 have-padding\"><div class=\"item-padd-mob section-text text-block \" ><div class=\"simple-text md\"><div class=\"title-style-2 text-next\">\n<div class=\"sub-title\">\n<h5 class=\"h5\">Team<\/h5>\n<\/div>\n<\/div>\n<\/div><\/div><\/div><div class=\"wpb_column col-md-9 col-sm-9 have-padding\"><div class=\"item-padd-mob section-text text-block \" ><div class=\"simple-text md\"><div class=\"simple-text md\">\n<p><span style=\"font-size: 18pt\">Transactions and board<\/span><\/p>\n<p>&nbsp;<\/p>\n<p>Bernstrom &amp; Partners is an independent advisory firm, 100 percent owned by its active partners. Our focus is on property deals, nothing else.<\/p>\n<\/div>\n<\/div><\/div><\/div><\/div><\/div><\/section><section  id=\"team\" class=\"section stretch_row_only fullwidth pb-100\"><div class=\"container\"><div class=\"row\"><div class=\"wpb_column col-md-3 col-sm-9 have-padding\">[vc_single_image image=&#8221;1197&#8243; img_size=&#8221;medium&#8221;]<div class=\"item-padd-mob section-text text-block \" ><div class=\"simple-text md\"><div><strong><span style=\"font-size: 10pt\">Johan Bernstr\u00f6m<\/span><\/strong><\/div>\n<div><span style=\"font-size: 10pt\">Partner<\/span><\/div>\n<\/div><\/div>[vc_toggle title=&#8221;Contact details&#8221; style=&#8221;arrow&#8221; color=&#8221;black&#8221; size=&#8221;sm&#8221; custom_font_container=&#8221;tag:div|text_align:left&#8221; custom_use_theme_fonts=&#8221;yes&#8221; use_custom_heading=&#8221;true&#8221;]+46 (0)708 86 22 00<\/p>\n<p>johan&#64;berp&#46;se[\/vc_toggle]<\/div><div class=\"wpb_column col-md-3 have-padding\">[vc_single_image image=&#8221;1199&#8243; img_size=&#8221;medium&#8221;]<div class=\"item-padd-mob section-text text-block \" ><div class=\"simple-text md\"><div><strong><span style=\"font-size: 10pt\">Fredrik \u00d6stberg<\/span><\/strong><\/div>\n<div><span style=\"font-size: 10pt\">Partner<\/span><\/div>\n<\/div><\/div>[vc_toggle title=&#8221;Contact details&#8221; style=&#8221;arrow&#8221; color=&#8221;black&#8221; size=&#8221;sm&#8221; custom_font_container=&#8221;tag:div|text_align:left&#8221; custom_use_theme_fonts=&#8221;yes&#8221; use_custom_heading=&#8221;true&#8221;]+46 (0)766 27 91 00<\/p>\n<p>&#x66;&#114;&#x65;&#x64;&#114;&#x69;&#x6b;&#64;&#x62;&#x65;&#114;&#x70;&#x2e;s&#x65;[\/vc_toggle]<\/div><div class=\"wpb_column col-md-3 have-padding\">[vc_single_image image=&#8221;1200&#8243; img_size=&#8221;medium&#8221;]<div class=\"item-padd-mob section-text text-block \" ><div class=\"simple-text md\"><div><strong><span style=\"font-size: 10pt\">Sandra Svartling<\/span><\/strong><\/div>\n<div><span style=\"font-size: 10pt\">Partner<\/span><\/div>\n<\/div><\/div>[vc_toggle title=&#8221;Contact details&#8221; style=&#8221;arrow&#8221; color=&#8221;black&#8221; size=&#8221;sm&#8221; custom_font_container=&#8221;tag:div|text_align:left&#8221; custom_use_theme_fonts=&#8221;yes&#8221; use_custom_heading=&#8221;true&#8221;]+46 (0)735 06 48 01<\/p>\n<p>sand&#114;&#97;&#64;&#98;&#101;&#114;&#112;&#x2e;&#x73;&#x65;[\/vc_toggle]<\/div><div class=\"wpb_column col-md-3 have-padding\">[vc_single_image image=&#8221;1198&#8243; img_size=&#8221;medium&#8221;]<div class=\"item-padd-mob section-text text-block \" ><div class=\"simple-text md\"><div><strong><span style=\"font-size: 10pt\">Jonas Horttana<\/span><\/strong><\/div>\n<div><span style=\"font-size: 10pt\">Partner<\/span><\/div>\n<\/div><\/div>[vc_toggle title=&#8221;Contact details&#8221; style=&#8221;arrow&#8221; color=&#8221;black&#8221; size=&#8221;sm&#8221; custom_font_container=&#8221;tag:div|text_align:left&#8221; custom_use_theme_fonts=&#8221;yes&#8221; use_custom_heading=&#8221;true&#8221;]+46 (0)720 11 55 44<\/p>\n<p>&#106;&#x6f;&#x6e;a&#115;&#x40;b&#101;&#x72;&#x70;&#46;&#115;&#x65;[\/vc_toggle]<\/div><\/div><\/div><\/section><section  class=\"section stretch_row_only fullwidth padd-sm pb-100  vc_custom_1575287084780\" style=\" background-position:center center; background-attachment:fixed;\"><div class=\"container\"><div class=\"row\"><div class=\"wpb_column col-md-12 have-padding\">[vc_empty_space height=&#8221;300&#8243;]<\/div><\/div><\/div><\/section><section  id=\"kontakt\" class=\"section stretch_row_only fullwidth pt-100 pb-40\"><div class=\"container\"><div class=\"row\"><div class=\"wpb_column col-md-3 have-padding\"><div class=\"item-padd-mob section-text text-block \"  id=\"kontakt\"><div class=\"simple-text md\"><div class=\"title-style-2 text-next\">\n<div class=\"sub-title\">\n<h5 class=\"h5\">Contact<\/h5>\n<\/div>\n<\/div>\n<\/div><\/div><\/div><div class=\"wpb_column col-md-3 have-padding\"><div class=\"item-padd-mob section-text text-block \" ><div class=\"simple-text md\"><p style=\"text-align: left\"><a href=\"&#x6d;&#97;i&#x6c;&#116;&#111;&#x3a;&#x69;&#110;f&#x6f;&#64;b&#x65;&#x72;&#112;&#46;&#x73;&#101;\">&#x69;&#x6e;&#102;&#111;&#64;b&#x65;&#x72;&#x70;&#46;se<\/a><\/p>\n<\/div><\/div><\/div><div class=\"wpb_column col-md-6 have-padding\"><div class=\"item-padd-mob section-text text-block \" ><div class=\"simple-text md\"><p><strong><code><div class=\"agm-canvas\" id=\"agm-canvas\" style=\"margin: 0 auto; width:100%; height:300px;\"><\/div><\/code><\/strong><\/p>\n<\/div><\/div><\/div><\/div><\/div><\/section><section  class=\"section stretch_row_only fullwidth pt-40\"><div class=\"container\"><div class=\"row\"><div class=\"wpb_column col-md-12 have-padding\">[vc_wp_text]<\/p>\n<p style=\"text-align: center\">Copyright\u00a0\u00a9 Bernstrom &amp; Partners 2026<\/p>\n<p>[\/vc_wp_text]<\/div><\/div><\/div><\/section><section  class=\"section no\"><div class=\"row\"><div class=\"wpb_column col-md-12 have-padding\"><div class=\"item-padd-mob section-text text-block \" ><div class=\"simple-text md\"><\/div><\/div><\/div><\/div><\/section><section  class=\"section no\"><div class=\"row\"><div class=\"wpb_column col-md-12 have-padding\"><div class=\"item-padd-mob section-text text-block \" ><div class=\"simple-text md\"><\/div><\/div><\/div><\/div><\/section><\/p>","protected":false},"excerpt":{"rendered":"Welcome toBernstrom &amp; PartnersLeading advisor forSocial infrastructure\/ Notiser Klicka h\u00e4r f\u00f6r att l\u00e4sa v\u00e5ra nyheter! Newsroom Transactions and other news [vc_basic_grid post_type=\"post\" max_items=\"-1\" style=\"pagination\" items_per_page=\"6\" element_width=\"2\" gap=\"10\" paging_design=\"point_dots\" paging_color=\"black\" item=\"2081\" initial_loading_animation=\"none\" grid_id=\"vc_gid:1701877416613-09d092d5-c1a6-8\" taxonomies=\"64\"] About An independent real estate advisory firm and a market leading adviser for social infrastructure and forward funding Bernstrom &amp; Partners is [...]","protected":false},"author":1,"featured_media":0,"parent":0,"menu_order":0,"comment_status":"closed","ping_status":"closed","template":"","meta":{"footnotes":""},"class_list":["post-127","page","type-page","status-publish","hentry"],"aioseo_notices":[],"_links":{"self":[{"href":"https:\/\/www.bernstrompartners.se\/en\/wp-json\/wp\/v2\/pages\/127","targetHints":{"allow":["GET"]}}],"collection":[{"href":"https:\/\/www.bernstrompartners.se\/en\/wp-json\/wp\/v2\/pages"}],"about":[{"href":"https:\/\/www.bernstrompartners.se\/en\/wp-json\/wp\/v2\/types\/page"}],"author":[{"embeddable":true,"href":"https:\/\/www.bernstrompartners.se\/en\/wp-json\/wp\/v2\/users\/1"}],"replies":[{"embeddable":true,"href":"https:\/\/www.bernstrompartners.se\/en\/wp-json\/wp\/v2\/comments?post=127"}],"version-history":[{"count":661,"href":"https:\/\/www.bernstrompartners.se\/en\/wp-json\/wp\/v2\/pages\/127\/revisions"}],"predecessor-version":[{"id":2362,"href":"https:\/\/www.bernstrompartners.se\/en\/wp-json\/wp\/v2\/pages\/127\/revisions\/2362"}],"wp:attachment":[{"href":"https:\/\/www.bernstrompartners.se\/en\/wp-json\/wp\/v2\/media?parent=127"}],"curies":[{"name":"wp","href":"https:\/\/api.w.org\/{rel}","templated":true}]}}